{"id":239,"date":"2022-04-14T14:09:17","date_gmt":"2022-04-14T12:09:17","guid":{"rendered":"https:\/\/27ascent.com\/?post_type=product&#038;p=239"},"modified":"2022-04-28T10:16:25","modified_gmt":"2022-04-28T08:16:25","slug":"aromalamp-aither-blue","status":"publish","type":"product","link":"https:\/\/www.27ascent.com\/en\/produkt\/aromalamp-aither-blue\/","title":{"rendered":"Aromalamp AITH\u00c9R, blue"},"content":{"rendered":"<p><span style=\"font-weight: 400;\">An aesthetically pleasing aroma lamp that turns the sensation of scent into a deeper experience and also serves as a beautiful household art piece in both light and dark settings.<\/span><\/p>\n<p><span style=\"font-weight: 400;\">Every aroma lamp has a unique shape and color that is created by hand-blowing Bohemian glass. A special mold is created separately for each aroma lamp and must be broken in the glassworks during the blowing process, only this time-demanding method can create a significantly organic glass relief. <\/span><span style=\"font-weight: 400;\">Each bowl is hand-shaped from brass by experienced Mr.Poledne. When the brass production is finished, a brass stand fits exactly on the bowl for each aroma lamp. Because each piece is different, more time and patience is needed so that everything fits nicely, and the bowl can proudly carry the scent through space.<\/span><\/p>\n<p><span style=\"font-weight: 400;\">The shape of the aroma lamp is based on moods. The\u00a0 textures and traces were being created and interweaved. They seemed to be left by a gentle breeze, a scent floating through the air, a stormy sea, loose sand, or sociable voices at a dinner table.<\/span><\/p>\n<p><span style=\"font-weight: 400;\">The object which carries all these moods was created. In some places, the texture of the aroma lamp is fine, fragile, and in other places turbulent and raw.<\/span><\/p>\n<p><span style=\"font-weight: 400;\">Based on designs and mood boards by Lenka Kerlick\u00e1, designer Eli\u0161ka Monsportov\u00e1 has composed this piece and thus embodied the whole vision.<\/span><\/p>\n<h4>Material<\/h4>\n<p><span style=\"font-weight: 400;\">Every single piece is blown by hand in the glassworks in Nov\u00fd Bor, Czech Republic. All brass components have been shaped by hand in Prague.<\/span><\/p>\n<h4>Dimension<\/h4>\n<p><span style=\"font-weight: 400;\">Approx. 13 x 13 cm &#8211; Each aroma lamp is original and each has slightly different dimensions<\/span><\/p>\n<h4>Packaging<\/h4>\n<p><span style=\"font-weight: 400;\">Each aromalamp is carefully packed in a handmade box and it contains a tea candle.<\/span><\/p>\n<p>&nbsp;<\/p>\n","protected":false},"excerpt":{"rendered":"<p>An aesthetically pleasing aroma lamp that turns the sensation of scent into a deeper experience&#8230;<\/p>\n","protected":false},"featured_media":236,"template":"","meta":[],"product_cat":[25],"product_tag":[],"class_list":{"0":"post-239","1":"product","2":"type-product","3":"status-publish","4":"has-post-thumbnail","6":"product_cat-aromalamps","8":"first","9":"instock","10":"taxable","11":"shipping-taxable","12":"purchasable","13":"product-type-simple"},"_links":{"self":[{"href":"https:\/\/www.27ascent.com\/en\/wp-json\/wp\/v2\/product\/239","targetHints":{"allow":["GET"]}}],"collection":[{"href":"https:\/\/www.27ascent.com\/en\/wp-json\/wp\/v2\/product"}],"about":[{"href":"https:\/\/www.27ascent.com\/en\/wp-json\/wp\/v2\/types\/product"}],"wp:featuredmedia":[{"embeddable":true,"href":"https:\/\/www.27ascent.com\/en\/wp-json\/wp\/v2\/media\/236"}],"wp:attachment":[{"href":"https:\/\/www.27ascent.com\/en\/wp-json\/wp\/v2\/media?parent=239"}],"wp:term":[{"taxonomy":"product_cat","embeddable":true,"href":"https:\/\/www.27ascent.com\/en\/wp-json\/wp\/v2\/product_cat?post=239"},{"taxonomy":"product_tag","embeddable":true,"href":"https:\/\/www.27ascent.com\/en\/wp-json\/wp\/v2\/product_tag?post=239"}],"curies":[{"name":"wp","href":"https:\/\/api.w.org\/{rel}","templated":true}]}}